{"id":1113,"date":"2023-10-19T14:25:10","date_gmt":"2023-10-19T14:25:10","guid":{"rendered":"https:\/\/drtech.ai\/?page_id=1113"},"modified":"2023-11-01T05:08:38","modified_gmt":"2023-11-01T05:08:38","slug":"ai-newsletter","status":"publish","type":"page","link":"https:\/\/nostalgic-galois.213-171-208-85.plesk.page\/fr\/ai-newsletter\/","title":{"rendered":"AI Newsletter"},"content":{"rendered":"<p>[et_pb_section fb_built=&#8221;1&#8243; admin_label=&#8221;Features&#8221; _builder_version=&#8221;4.20.4&#8243; _module_preset=&#8221;default&#8221; background_color=&#8221;#000000&#8243; height=&#8221;100vh&#8221; height_tablet=&#8221;auto&#8221; height_phone=&#8221;auto&#8221; height_last_edited=&#8221;on|phone&#8221; locked=&#8221;off&#8221; collapsed=&#8221;on&#8221; global_colors_info=&#8221;{}&#8221;][et_pb_row column_structure=&#8221;3_5,2_5&#8243; make_equal=&#8221;on&#8221; _builder_version=&#8221;4.20.4&#8243; _module_preset=&#8221;default&#8221; custom_margin=&#8221;||||false|false&#8221; custom_padding=&#8221;||||false|false&#8221; custom_css_main_element=&#8221;display:flex;||align-items:center;&#8221; global_colors_info=&#8221;{}&#8221; custom_css_main_element_last_edited=&#8221;on|desktop&#8221; custom_css_main_element_tablet=&#8221;display:block;&#8221; custom_css_main_element_phone=&#8221;display:block;&#8221;][et_pb_column type=&#8221;3_5&#8243; _builder_version=&#8221;4.17.0&#8243; _module_preset=&#8221;default&#8221; global_colors_info=&#8221;{}&#8221;][et_pb_text _builder_version=&#8221;4.20.4&#8243; _module_preset=&#8221;e6504a1b-67eb-4b3d-b023-bcab277610b6&#8243; header_4_font=&#8221;Mukta|800||on|||||&#8221; header_4_text_align=&#8221;left&#8221; header_4_text_color=&#8221;#12D678&#8243; header_4_font_size=&#8221;14px&#8221; header_4_letter_spacing=&#8221;0.15em&#8221; header_4_line_height=&#8221;1.5em&#8221; custom_margin=&#8221;||0px||false|false&#8221; global_colors_info=&#8221;{}&#8221;]<\/p>\n<h4>UnderCover AI Newsletter<\/h4>\n<p>[\/et_pb_text][et_pb_text _builder_version=&#8221;4.20.4&#8243; _module_preset=&#8221;c16985e1-e0d6-4022-964d-e2bfc04fa633&#8243; text_text_color=&#8221;#FFFFFF&#8221; text_font_size=&#8221;17px&#8221; header_font=&#8221;PT Sans|700|||||||&#8221; header_text_color=&#8221;#FFFFFF&#8221; header_font_size=&#8221;75px&#8221; header_line_height=&#8221;1.2em&#8221; custom_margin=&#8221;||0px||false|false&#8221; text_font_size_tablet=&#8221;17px&#8221; text_font_size_phone=&#8221;17px&#8221; text_font_size_last_edited=&#8221;on|phone&#8221; header_font_size_tablet=&#8221;40px&#8221; header_font_size_phone=&#8221;51px&#8221; header_font_size_last_edited=&#8221;on|phone&#8221; locked=&#8221;off&#8221; global_colors_info=&#8221;{}&#8221;]<\/p>\n<h1>Exploitez la puissance de l'IA<\/h1>\n<p>Pr\u00eat \u00e0 transformer votre entreprise avec l'IA ? Inscrivez-vous d\u00e8s maintenant pour recevoir nos guides exclusifs sur l'IA, nos ressources et nos vid\u00e9os directement dans votre bo\u00eete email.<\/p>\n<p>D\u00e9bloquez le plein potentiel de votre entreprise gr\u00e2ce \u00e0 l'IA !<\/p>\n<p>[\/et_pb_text][\/et_pb_column][et_pb_column type=&#8221;2_5&#8243; _builder_version=&#8221;4.17.0&#8243; _module_preset=&#8221;default&#8221; global_colors_info=&#8221;{}&#8221;][et_pb_code _builder_version=&#8221;4.20.4&#8243; _module_preset=&#8221;default&#8221; hover_enabled=&#8221;0&#8243; global_colors_info=&#8221;{}&#8221; sticky_enabled=&#8221;0&#8243;]<!-- [et_pb_line_break_holder] --><!-- [et_pb_line_break_holder] --><!-- &#091;et_pb_line_break_holder&#093; --><style id='mailster-form-default' type='text\/css'>.mailster-embeded-form body{background:0;padding:0;margin:0}.mailster-embeded-form .mailster-form-body{padding:5px !important;margin:auto !important}.mailster-form-wrap{max-width:100%;max-height:95%;min-width:100px;-webkit-overflow-scrolling:touch}.mailster-form{margin-bottom:20px;position:relative}.mailster-form:before{content:'';position:absolute;display:block;height:100%;width:100%;z-index:1;background-repeat:no-repeat;background-position:center center;background-size:20px 20px;background-image:url('https:\/\/nostalgic-galois.213-171-208-85.plesk.page\/wp-content\/plugins\/mailster\/assets\/css\/..\/img\/loading.gif');visibility:hidden;opacity:0;transition:opacity .15s ease-in-out}.mailster-form.loading:before{opacity:1;visibility:visible}@media only screen and (-webkit-min-device-pixel-ratio:2),only screen and (min-resolution:192dpi){.mailster-form:before{background-image:url('https:\/\/nostalgic-galois.213-171-208-85.plesk.page\/wp-content\/plugins\/mailster\/assets\/css\/..\/img\/loading_2x.gif')}}.mailster-form:after,.mailster-form-fields:after{content:'.';visibility:hidden;display:block;height:0;clear:both}.mailster-form .mailster-form-fields{transition:all .15s ease-in-out}.mailster-form.completed .mailster-form-fields{height:0;min-height:0;opacity:0;overflow:hidden}.mailster-form,.mailster-form .input,.mailster-form .mailster-form-info{width:100%;box-sizing:border-box}.mailster-embeded-form .mailster-form{margin-bottom:3px}.mailster-form .mailster-wrapper{position:relative;margin-bottom:2px;transition:opacity .15s ease-in-out}.mailster-form.loading .mailster-wrapper{opacity:.2}.mailster-form textarea.input{resize:vertical;height:150px}.mailster-form li{list-style:none !important;margin-left:0;padding-left:0}span.mailster-required{font-size:120%;font-weight:700;color:#bf4d4d}.mailster-lists-wrapper ul{list-style:none;margin-left:0;padding-left:0}.mailster-lists-wrapper ul li{margin-left:0}.mailster-list-description{color:inherit;display:block;margin-left:25px;font-size:.8em}.mailster-form-info{height:0;border-radius:2px;padding:5px;margin-bottom:4px;color:#fff;padding:9px 16px;transition:all .2s;-webkit-transform:scale(0);-moz-transform:scale(0);-ms-transform:scale(0);transform:scale(0)}.mailster-form.loading .mailster-form-info{opacity:0}.mailster-form-info a{color:#fff}.mailster-form-info.success,.mailster-form-info.error{display:block;height:100%;-webkit-transform:scale(1);-moz-transform:scale(1);-ms-transform:scale(1);transform:scale(1)}.mailster-form .error input,.mailster-form .error select,.mailster-form .error textarea{outline:2px solid #bf4d4d;outline-offset:0}.mailster-form-info.error{background:#bf4d4d}.mailster-form-info.success{background-color:#6fbf4d;text-align:center}.mailster-form-info ul,.mailster-form .mailster-form-info p{margin:0;padding:0;max-width:initial}.mailster-form-info ul li{color:inherit;margin-left:0}.mailster-submit-wrapper{margin-top:6px}.mailster-form .submit-button{cursor:pointer}.mailster-form .submit-button:focus{outline:0}<\/style><style type=\"text\/css\" media=\"screen\" class=\"mailster-custom-form-css\">\n.mailster-form-4 .mailster-submit-wrapper .submit-button{color: #FFFFFF!important;border-color: #12D678;border-radius: 50px;letter-spacing: 0.15em;font-size: 14px;font-family: 'Mukta',Helvetica,Arial,Lucida,sans-serif!important;font-weight: 500!important;background-color: #161616;padding:10px;width:100%;}\n.mailster-form-4{color: #FFFFFF!important;font-size: 20px;font-family: 'Mukta',Helvetica,Arial,Lucida,sans-serif!important;font-weight: 500!important;padding:10px;width:100%;}\n.mailster-form-4 .mailster-email-wrapper input.input{color: #000!important;border-radius: 50px;border-color: #000;letter-spacing: 0.15em;font-size: 14px;font-family: 'Mukta',Helvetica,Arial,Lucida,sans-serif!important;font-weight: 500!important;background-color: #fff;padding:10px;width:100%;}\n.mailster-form-4 .mailster-firstname-wrapper input.input{color: #000!important;border-radius: 50px;border-color: #000;letter-spacing: 0.15em;font-size: 14px;font-family: 'Mukta',Helvetica,Arial,Lucida,sans-serif!important;font-weight: 500!important;background-color: #fff;padding:10px;width:100%;}\n<\/style>\n<form action=\"https:\/\/nostalgic-galois.213-171-208-85.plesk.page\/fr\/mailster\/subscribe\" method=\"post\" class=\"mailster-form mailster-form-submit mailster-ajax-form mailster-form-4\" novalidate data-trp-original-action=\"https:\/\/nostalgic-galois.213-171-208-85.plesk.page\/fr\/mailster\/subscribe\"><input name=\"_action\" type=\"hidden\" value=\"subscribe\">\n<input name=\"_timestamp\" type=\"hidden\" value=\"1778562272\">\n<input name=\"_referer\" type=\"hidden\" value=\"https:\/\/nostalgic-galois.213-171-208-85.plesk.page\/fr\/fr\/wp-json\/wp\/v2\/pages\/1113\">\n<input name=\"_nonce\" type=\"hidden\" value=\"4d74512b8e\">\n<input name=\"formid\" type=\"hidden\" value=\"4\">\n<div class=\"mailster-form-fields\">\n<div class=\"mailster-wrapper mailster-firstname-wrapper\"><input id=\"mailster-firstname-4\" name=\"firstname\" type=\"text\" value=\"\" placeholder=\"Pr\u00e9nom\" class=\"input mailster-firstname mailster-required\" aria-required=\"true\" aria-label=\"First Name\"><\/div>\n<div class=\"mailster-wrapper mailster-email-wrapper\"><input id=\"mailster-email-4\" name=\"email\" type=\"email\" value=\"\" placeholder=\"Email *\" class=\"input mailster-email mailster-required\" aria-required=\"true\" aria-label=\"Email\" spellcheck=\"false\"><\/div>\n<div style=\"position:absolute;top:-99999px;left:-99999px;z-index:-99;\"><input name=\"_n_hp_mail\" type=\"email\" tabindex=\"-1\" autocomplete=\"noton\" autofill=\"off\"><\/div>\n<div class=\"mailster-wrapper mailster-submit-wrapper form-submit\"><input name=\"submit\" type=\"submit\" value=\"S&#039;inscrire\" class=\"submit-button button\" aria-label=\"S&#039;inscrire\"><\/div>\n<\/div>\n<input type=\"hidden\" name=\"trp-form-language\" value=\"fr\"\/><\/form>\n<!-- &#091;et_pb_line_break_holder&#093; --><!-- [et_pb_line_break_holder] -->[\/et_pb_code][\/et_pb_column][\/et_pb_row][et_pb_row column_structure=&#8221;1_3,1_3,1_3&#8243; _builder_version=&#8221;4.20.4&#8243; _module_preset=&#8221;default&#8221; global_colors_info=&#8221;{}&#8221;][et_pb_column type=&#8221;1_3&#8243; _builder_version=&#8221;4.17.0&#8243; _module_preset=&#8221;default&#8221; global_colors_info=&#8221;{}&#8221;][et_pb_image src=&#8221;https:\/\/nostalgic-galois.213-171-208-85.plesk.page\/wp-content\/uploads\/2023\/04\/online-desig-course-icon-12.png&#8221; title_text=&#8221;online-desig-course-icon-12&#8243; _builder_version=&#8221;4.17.1&#8243; _module_preset=&#8221;default&#8221; global_colors_info=&#8221;{}&#8221;][\/et_pb_image][et_pb_text _builder_version=&#8221;4.20.4&#8243; _module_preset=&#8221;734ce202-9ae4-4a02-9eec-afe9633ff83a&#8221; header_3_font=&#8221;PT Sans|700|||||||&#8221; header_3_text_color=&#8221;#12D678&#8243; header_3_font_size=&#8221;20px&#8221; custom_margin=&#8221;||0px||false|false&#8221; header_3_font_size_tablet=&#8221;16px&#8221; header_3_font_size_phone=&#8221;14px&#8221; header_3_font_size_last_edited=&#8221;on|phone&#8221; locked=&#8221;off&#8221; global_colors_info=&#8221;{}&#8221;]<\/p>\n<h3>Guides exclusifs sur l'IA<\/h3>\n<p>[\/et_pb_text][et_pb_text _builder_version=&#8221;4.20.4&#8243; _module_preset=&#8221;4c43b4b6-66bf-432d-959a-705bda24a650&#8243; text_font=&#8221;Mukta|500|||||||&#8221; text_text_color=&#8221;rgba(255,255,255,0.6)&#8221; text_line_height=&#8221;1.4em&#8221; header_font_size_tablet=&#8221;55px&#8221; header_font_size_last_edited=&#8221;off|desktop&#8221; locked=&#8221;off&#8221; global_colors_info=&#8221;{}&#8221;]<\/p>\n<p>Nous cr\u00e9ons des guides approfondis qui couvrent diff\u00e9rents aspects de la mise en \u0153uvre de l'IA dans votre entreprise. De la compr\u00e9hension des bases aux strat\u00e9gies avanc\u00e9es en mati\u00e8re d'IA, nos guides vous fourniront des conseils pratiques.<\/p>\n<p>[\/et_pb_text][\/et_pb_column][et_pb_column type=&#8221;1_3&#8243; _builder_version=&#8221;4.17.0&#8243; _module_preset=&#8221;default&#8221; global_colors_info=&#8221;{}&#8221;][et_pb_image src=&#8221;https:\/\/nostalgic-galois.213-171-208-85.plesk.page\/wp-content\/uploads\/2023\/04\/online-desig-course-icon-16.png&#8221; title_text=&#8221;online-desig-course-icon-16&#8243; _builder_version=&#8221;4.17.1&#8243; _module_preset=&#8221;default&#8221; locked=&#8221;off&#8221; global_colors_info=&#8221;{}&#8221;][\/et_pb_image][et_pb_text _builder_version=&#8221;4.20.4&#8243; _module_preset=&#8221;734ce202-9ae4-4a02-9eec-afe9633ff83a&#8221; header_3_font=&#8221;PT Sans|700|||||||&#8221; header_3_text_color=&#8221;#12D678&#8243; header_3_font_size=&#8221;20px&#8221; custom_margin=&#8221;||0px||false|false&#8221; header_3_font_size_tablet=&#8221;16px&#8221; header_3_font_size_phone=&#8221;14px&#8221; header_3_font_size_last_edited=&#8221;on|phone&#8221; locked=&#8221;off&#8221; global_colors_info=&#8221;{}&#8221;]<\/p>\n<h3>Ressources informatives<\/h3>\n<p>[\/et_pb_text][et_pb_text _builder_version=&#8221;4.20.4&#8243; _module_preset=&#8221;4c43b4b6-66bf-432d-959a-705bda24a650&#8243; text_font=&#8221;Mukta|500|||||||&#8221; text_text_color=&#8221;rgba(255,255,255,0.6)&#8221; text_line_height=&#8221;1.4em&#8221; header_font_size_tablet=&#8221;55px&#8221; header_font_size_last_edited=&#8221;off|desktop&#8221; locked=&#8221;off&#8221; global_colors_info=&#8221;{}&#8221;]<\/p>\n<p>Restez inform\u00e9 des derni\u00e8res tendances en mati\u00e8re d'IA, des \u00e9tudes de cas et des success stories. Nos ressources vous tiendront au courant des applications les plus pertinentes et les plus impactantes de l'IA dans tous les secteurs, vous assurant de ne jamais manquer une occasion de gagner un avantage concurrentiel.<\/p>\n<p>[\/et_pb_text][\/et_pb_column][et_pb_column type=&#8221;1_3&#8243; _builder_version=&#8221;4.17.0&#8243; _module_preset=&#8221;default&#8221; global_colors_info=&#8221;{}&#8221;][et_pb_image src=&#8221;https:\/\/nostalgic-galois.213-171-208-85.plesk.page\/wp-content\/uploads\/2023\/04\/online-desig-course-icon-10.png&#8221; title_text=&#8221;online-desig-course-icon-10&#8243; _builder_version=&#8221;4.17.1&#8243; _module_preset=&#8221;default&#8221; locked=&#8221;off&#8221; global_colors_info=&#8221;{}&#8221;][\/et_pb_image][et_pb_text _builder_version=&#8221;4.20.4&#8243; _module_preset=&#8221;734ce202-9ae4-4a02-9eec-afe9633ff83a&#8221; header_3_font=&#8221;PT Sans|700|||||||&#8221; header_3_text_color=&#8221;#12D678&#8243; header_3_font_size=&#8221;20px&#8221; custom_margin=&#8221;||0px||false|false&#8221; header_3_font_size_tablet=&#8221;16px&#8221; header_3_font_size_phone=&#8221;14px&#8221; header_3_font_size_last_edited=&#8221;on|phone&#8221; locked=&#8221;off&#8221; global_colors_info=&#8221;{}&#8221;]<\/p>\n<h3>Tutoriels vid\u00e9o \u00e9tape par \u00e9tape<\/h3>\n<p>[\/et_pb_text][et_pb_text _builder_version=&#8221;4.20.4&#8243; _module_preset=&#8221;4c43b4b6-66bf-432d-959a-705bda24a650&#8243; text_font=&#8221;Mukta|500|||||||&#8221; text_text_color=&#8221;rgba(255,255,255,0.6)&#8221; text_line_height=&#8221;1.4em&#8221; header_font_size_tablet=&#8221;55px&#8221; header_font_size_last_edited=&#8221;off|desktop&#8221; locked=&#8221;off&#8221; global_colors_info=&#8221;{}&#8221;]<\/p>\n<p>Vous recevrez des tutoriels vid\u00e9o \u00e9tape par \u00e9tape qui vous guideront dans la mise en \u0153uvre de l'IA dans votre entreprise.<\/p>\n<p>[\/et_pb_text][\/et_pb_column][\/et_pb_row][\/et_pb_section]<\/p>","protected":false},"excerpt":{"rendered":"<p>UnderCover AI NewsletterLeverage the Power of AI Ready to transform your business with AI? Sign up now to receive our exclusive AI guides, resources, and videos directly in your inbox. Unlock your business&#8217;s full potential with AI!<style type=\"text\/css\" media=\"screen\" class=\"mailster-custom-form-css\">\n.mailster-form-4 .mailster-submit-wrapper .submit-button{color: #FFFFFF!important;border-color: #12D678;border-radius: 50px;letter-spacing: 0.15em;font-size: 14px;font-family: 'Mukta',Helvetica,Arial,Lucida,sans-serif!important;font-weight: 500!important;background-color: #161616;padding:10px;width:100%;}\n.mailster-form-4{color: #FFFFFF!important;font-size: 20px;font-family: 'Mukta',Helvetica,Arial,Lucida,sans-serif!important;font-weight: 500!important;padding:10px;width:100%;}\n.mailster-form-4 .mailster-email-wrapper input.input{color: #000!important;border-radius: 50px;border-color: #000;letter-spacing: 0.15em;font-size: 14px;font-family: 'Mukta',Helvetica,Arial,Lucida,sans-serif!important;font-weight: 500!important;background-color: #fff;padding:10px;width:100%;}\n.mailster-form-4 .mailster-firstname-wrapper input.input{color: #000!important;border-radius: 50px;border-color: #000;letter-spacing: 0.15em;font-size: 14px;font-family: 'Mukta',Helvetica,Arial,Lucida,sans-serif!important;font-weight: 500!important;background-color: #fff;padding:10px;width:100%;}\n<\/style>\n<form action=\"https:\/\/nostalgic-galois.213-171-208-85.plesk.page\/fr\/mailster\/subscribe\" method=\"post\" class=\"mailster-form mailster-form-submit mailster-ajax-form mailster-form-4\" novalidate data-trp-original-action=\"https:\/\/nostalgic-galois.213-171-208-85.plesk.page\/fr\/mailster\/subscribe\"><input name=\"_action\" type=\"hidden\" value=\"subscribe\">\n<input name=\"_timestamp\" type=\"hidden\" value=\"1778562272\">\n<input name=\"_referer\" type=\"hidden\" value=\"https:\/\/nostalgic-galois.213-171-208-85.plesk.page\/fr\/fr\/wp-json\/wp\/v2\/pages\/1113\">\n<input name=\"_nonce\" type=\"hidden\" value=\"4d74512b8e\">\n<input name=\"formid\" type=\"hidden\" value=\"4\">\n<div class=\"mailster-form-fields\">\n<div class=\"mailster-wrapper mailster-firstname-wrapper\"><input id=\"mailster-firstname-4\" name=\"firstname\" type=\"text\" value=\"\" placeholder=\"Pr\u00e9nom\" class=\"input mailster-firstname mailster-required\" aria-required=\"true\" aria-label=\"First Name\"><\/div>\n<div class=\"mailster-wrapper mailster-email-wrapper\"><input id=\"mailster-email-4\" name=\"email\" type=\"email\" value=\"\" placeholder=\"Email *\" class=\"input mailster-email mailster-required\" aria-required=\"true\" aria-label=\"Email\" spellcheck=\"false\"><\/div>\n<div style=\"position:absolute;top:-99999px;left:-99999px;z-index:-99;\"><input name=\"_n_hp_mail\" type=\"email\" tabindex=\"-1\" autocomplete=\"noton\" autofill=\"off\"><\/div>\n<div class=\"mailster-wrapper mailster-submit-wrapper form-submit\"><input name=\"submit\" type=\"submit\" value=\"S&#039;inscrire\" class=\"submit-button button\" aria-label=\"S&#039;inscrire\"><\/div>\n<\/div>\n<input type=\"hidden\" name=\"trp-form-language\" value=\"fr\"\/><\/form>\nExclusive AI GuidesWe create of in-depth guides that cover various aspects of implementing AI in [&hellip;]<\/p>","protected":false},"author":1,"featured_media":0,"parent":0,"menu_order":0,"comment_status":"closed","ping_status":"closed","template":"","meta":{"_et_pb_use_builder":"on","_et_pb_old_content":"","_et_gb_content_width":"","footnotes":""},"class_list":["post-1113","page","type-page","status-publish","hentry"],"_links":{"self":[{"href":"https:\/\/nostalgic-galois.213-171-208-85.plesk.page\/fr\/wp-json\/wp\/v2\/pages\/1113","targetHints":{"allow":["GET"]}}],"collection":[{"href":"https:\/\/nostalgic-galois.213-171-208-85.plesk.page\/fr\/wp-json\/wp\/v2\/pages"}],"about":[{"href":"https:\/\/nostalgic-galois.213-171-208-85.plesk.page\/fr\/wp-json\/wp\/v2\/types\/page"}],"author":[{"embeddable":true,"href":"https:\/\/nostalgic-galois.213-171-208-85.plesk.page\/fr\/wp-json\/wp\/v2\/users\/1"}],"replies":[{"embeddable":true,"href":"https:\/\/nostalgic-galois.213-171-208-85.plesk.page\/fr\/wp-json\/wp\/v2\/comments?post=1113"}],"version-history":[{"count":19,"href":"https:\/\/nostalgic-galois.213-171-208-85.plesk.page\/fr\/wp-json\/wp\/v2\/pages\/1113\/revisions"}],"predecessor-version":[{"id":1189,"href":"https:\/\/nostalgic-galois.213-171-208-85.plesk.page\/fr\/wp-json\/wp\/v2\/pages\/1113\/revisions\/1189"}],"wp:attachment":[{"href":"https:\/\/nostalgic-galois.213-171-208-85.plesk.page\/fr\/wp-json\/wp\/v2\/media?parent=1113"}],"curies":[{"name":"wp","href":"https:\/\/api.w.org\/{rel}","templated":true}]}}