{"id":167,"date":"2023-04-07T13:24:00","date_gmt":"2023-04-07T13:24:00","guid":{"rendered":"https:\/\/drtech.ai\/?page_id=167"},"modified":"2023-11-01T04:57:12","modified_gmt":"2023-11-01T04:57:12","slug":"pricing","status":"publish","type":"page","link":"https:\/\/nostalgic-galois.213-171-208-85.plesk.page\/fr\/pricing\/","title":{"rendered":"Prix"},"content":{"rendered":"<p>[et_pb_section fb_built=&#8221;1&#8243; admin_label=&#8221;Pricing&#8221; _builder_version=&#8221;4.17.3&#8243; _module_preset=&#8221;default&#8221; background_color=&#8221;#000000&#8243; collapsed=&#8221;on&#8221; global_colors_info=&#8221;{}&#8221;][et_pb_row make_equal=&#8221;on&#8221; _builder_version=&#8221;4.17.0&#8243; _module_preset=&#8221;default&#8221; global_colors_info=&#8221;{}&#8221;][et_pb_column type=&#8221;4_4&#8243; _builder_version=&#8221;4.17.0&#8243; _module_preset=&#8221;default&#8221; global_colors_info=&#8221;{}&#8221;][et_pb_text _builder_version=&#8221;4.20.4&#8243; _module_preset=&#8221;e6504a1b-67eb-4b3d-b023-bcab277610b6&#8243; header_4_font=&#8221;Mukta|800||on|||||&#8221; header_4_text_color=&#8221;#12D678&#8243; header_4_font_size=&#8221;14px&#8221; header_4_letter_spacing=&#8221;0.15em&#8221; header_4_line_height=&#8221;1.5em&#8221; custom_margin=&#8221;||0px||false|false&#8221; global_colors_info=&#8221;{}&#8221;]<\/p>\n<h4>Tableau des prix<\/h4>\n<p>[\/et_pb_text][et_pb_text _builder_version=&#8221;4.17.3&#8243; _module_preset=&#8221;c16985e1-e0d6-4022-964d-e2bfc04fa633&#8243; header_font=&#8221;PT Sans|700|||||||&#8221; header_text_color=&#8221;#FFFFFF&#8221; header_font_size=&#8221;75px&#8221; header_line_height=&#8221;1.2em&#8221; custom_margin=&#8221;||0px||false|false&#8221; header_font_size_tablet=&#8221;40px&#8221; header_font_size_phone=&#8221;24px&#8221; header_font_size_last_edited=&#8221;on|phone&#8221; global_colors_info=&#8221;{}&#8221;]<\/p>\n<h1>Choisissez le plan qui vous convient<\/h1>\n<p>[\/et_pb_text][\/et_pb_column][\/et_pb_row][et_pb_row column_structure=&#8221;1_3,1_3,1_3&#8243; use_custom_gutter=&#8221;on&#8221; _builder_version=&#8221;4.20.4&#8243; _module_preset=&#8221;default&#8221; global_colors_info=&#8221;{}&#8221;][et_pb_column type=&#8221;1_3&#8243; _builder_version=&#8221;4.17.0&#8243; _module_preset=&#8221;default&#8221; global_colors_info=&#8221;{}&#8221;][et_pb_pricing_tables featured_table_background_color=&#8221;#FFFFFF&#8221; header_background_color=&#8221;#12D678&#8243; show_bullet=&#8221;off&#8221; show_featured_drop_shadow=&#8221;off&#8221; _builder_version=&#8221;4.20.4&#8243; _module_preset=&#8221;default&#8221; excluded_text_color=&#8221;rgba(255,255,255,0.5)&#8221; currency_frequency_text_color=&#8221;#12D678&#8243; price_text_color=&#8221;#12D678&#8243; body_text_color=&#8221;#FFFFFF&#8221; header_text_color=&#8221;#161616&#8243; header_font=&#8221;PT Sans|700|||||||&#8221; header_font_size=&#8221;25px&#8221; body_font=&#8221;Mukta|500|||||||&#8221; body_font_size=&#8221;16px&#8221; body_line_height=&#8221;1.4em&#8221; price_font=&#8221;PT Sans|700|||||||&#8221; price_font_size=&#8221;45px&#8221; currency_frequency_font=&#8221;PT Sans|700|||||||&#8221; excluded_font=&#8221;||||||on||&#8221; background_color=&#8221;RGBA(255,255,255,0)&#8221; custom_button=&#8221;on&#8221; button_text_size=&#8221;14px&#8221; button_text_color=&#8221;#FFFFFF&#8221; button_bg_color=&#8221;#161616&#8243; button_border_color=&#8221;#12D678&#8243; button_border_radius=&#8221;0px&#8221; button_letter_spacing=&#8221;0.15em&#8221; button_font=&#8221;Mukta|800||on|||||&#8221; button_custom_padding=&#8221;16px|16px|16px|16px|true|true&#8221; text_orientation=&#8221;left&#8221; custom_padding=&#8221;|20px|20px|20px|false|true&#8221; header_font_size_tablet=&#8221;20px&#8221; header_font_size_phone=&#8221;16px&#8221; header_font_size_last_edited=&#8221;on|phone&#8221; body_font_size_tablet=&#8221;14px&#8221; body_font_size_phone=&#8221;14px&#8221; body_font_size_last_edited=&#8221;on|phone&#8221; currency_frequency_font_size_last_edited=&#8221;off|desktop&#8221; custom_css_pricing_top=&#8221;border: 0;||padding-bottom: 0&#8243; border_color_all=&#8221;#12D678&#8243; locked=&#8221;off&#8221; global_colors_info=&#8221;{}&#8221;][et_pb_pricing_table title=&#8221;Free&#8221; currency=&#8221;$&#8221; per=&#8221;month&#8221; sum=&#8221;0&#8243; button_url=&#8221;https:\/\/nostalgic-galois.213-171-208-85.plesk.page\/registration\/&#8221; _builder_version=&#8221;4.20.4&#8243; _module_preset=&#8221;default&#8221; custom_padding=&#8221;||||false|false&#8221; global_colors_info=&#8221;{}&#8221; sticky_transition=&#8221;on&#8221;]<\/p>\n<p>+ 10 000 Words\/month<br \/>+ All AI tools Included<\/p>\n<p>[\/et_pb_pricing_table][\/et_pb_pricing_tables][\/et_pb_column][et_pb_column type=&#8221;1_3&#8243; _builder_version=&#8221;4.17.0&#8243; _module_preset=&#8221;default&#8221; global_colors_info=&#8221;{}&#8221;][et_pb_pricing_tables featured_table_background_color=&#8221;#FFFFFF&#8221; header_background_color=&#8221;#12D678&#8243; show_bullet=&#8221;off&#8221; show_featured_drop_shadow=&#8221;off&#8221; _builder_version=&#8221;4.20.4&#8243; _module_preset=&#8221;default&#8221; excluded_text_color=&#8221;rgba(22,22,22,0.5)&#8221; currency_frequency_text_color=&#8221;#12D678&#8243; price_text_color=&#8221;#12D678&#8243; body_text_color=&#8221;#161616&#8243; header_text_color=&#8221;#161616&#8243; header_font=&#8221;PT Sans|700|||||||&#8221; header_font_size=&#8221;25px&#8221; body_font=&#8221;Mukta|500|||||||&#8221; body_font_size=&#8221;16px&#8221; body_line_height=&#8221;1.4em&#8221; price_font=&#8221;PT Sans|700|||||||&#8221; currency_frequency_font=&#8221;PT Sans|700|||||||&#8221; excluded_font=&#8221;||||||on||&#8221; custom_button=&#8221;on&#8221; button_text_size=&#8221;14px&#8221; button_text_color=&#8221;#161616&#8243; button_bg_color=&#8221;#12D678&#8243; button_border_color=&#8221;#12D678&#8243; button_border_radius=&#8221;0px&#8221; button_letter_spacing=&#8221;0.15em&#8221; button_font=&#8221;Mukta|800||on|||||&#8221; button_custom_padding=&#8221;16px|16px|16px|16px|true|true&#8221; text_orientation=&#8221;left&#8221; custom_margin=&#8221;||||false|false&#8221; custom_padding=&#8221;|20px|20px|20px|false|true&#8221; header_font_size_tablet=&#8221;20px&#8221; header_font_size_phone=&#8221;16px&#8221; header_font_size_last_edited=&#8221;on|phone&#8221; body_font_size_tablet=&#8221;14px&#8221; body_font_size_phone=&#8221;14px&#8221; body_font_size_last_edited=&#8221;on|phone&#8221; custom_css_pricing_top=&#8221;border: 0;||padding-bottom: 0&#8243; border_color_all=&#8221;#12D678&#8243; locked=&#8221;off&#8221; global_colors_info=&#8221;{}&#8221;][et_pb_pricing_table title=&#8221;Standard&#8221; currency=&#8221;$&#8221; per=&#8221;month&#8221; sum=&#8221;9&#8243; button_url=&#8221;https:\/\/nostalgic-galois.213-171-208-85.plesk.page\/registration\/&#8221; _builder_version=&#8221;4.20.4&#8243; _module_preset=&#8221;default&#8221; price_font_size=&#8221;45px&#8221; custom_padding=&#8221;||||false|false&#8221; global_colors_info=&#8221;{}&#8221; sticky_transition=&#8221;on&#8221;]<\/p>\n<p>+ 100 000 Words\/month<\/p>\n<p>+\u00a0All AI tools Included<\/p>\n<p>[\/et_pb_pricing_table][\/et_pb_pricing_tables][\/et_pb_column][et_pb_column type=&#8221;1_3&#8243; _builder_version=&#8221;4.17.3&#8243; _module_preset=&#8221;default&#8221; global_colors_info=&#8221;{}&#8221;][et_pb_pricing_tables featured_table_background_color=&#8221;#FFFFFF&#8221; header_background_color=&#8221;#12D678&#8243; show_bullet=&#8221;off&#8221; show_featured_drop_shadow=&#8221;off&#8221; _builder_version=&#8221;4.20.4&#8243; _module_preset=&#8221;default&#8221; excluded_text_color=&#8221;rgba(255,255,255,0.5)&#8221; currency_frequency_text_color=&#8221;#12D678&#8243; price_text_color=&#8221;#12D678&#8243; body_text_color=&#8221;#FFFFFF&#8221; header_text_color=&#8221;#161616&#8243; header_font=&#8221;PT Sans|700|||||||&#8221; header_font_size=&#8221;25px&#8221; body_font=&#8221;Mukta|500|||||||&#8221; body_font_size=&#8221;16px&#8221; body_line_height=&#8221;1.4em&#8221; price_font=&#8221;PT Sans|700|||||||&#8221; price_font_size=&#8221;45px&#8221; currency_frequency_font=&#8221;PT Sans|700|||||||&#8221; excluded_font=&#8221;||||||on||&#8221; background_color=&#8221;RGBA(255,255,255,0)&#8221; custom_button=&#8221;on&#8221; button_text_size=&#8221;14px&#8221; button_text_color=&#8221;#FFFFFF&#8221; button_bg_color=&#8221;#161616&#8243; button_border_color=&#8221;#12D678&#8243; button_border_radius=&#8221;0px&#8221; button_letter_spacing=&#8221;0.15em&#8221; button_font=&#8221;Mukta|800||on|||||&#8221; button_custom_padding=&#8221;16px|16px|16px|16px|true|true&#8221; text_orientation=&#8221;left&#8221; custom_padding=&#8221;|20px|20px|20px|false|true&#8221; header_font_size_tablet=&#8221;20px&#8221; header_font_size_phone=&#8221;16px&#8221; header_font_size_last_edited=&#8221;on|phone&#8221; body_font_size_tablet=&#8221;14px&#8221; body_font_size_phone=&#8221;14px&#8221; body_font_size_last_edited=&#8221;on|phone&#8221; currency_frequency_font_size_last_edited=&#8221;off|desktop&#8221; custom_css_pricing_top=&#8221;border: 0;||padding-bottom: 0&#8243; border_color_all=&#8221;#12D678&#8243; locked=&#8221;off&#8221; global_colors_info=&#8221;{}&#8221;][et_pb_pricing_table title=&#8221;Pro&#8221; currency=&#8221;$&#8221; per=&#8221;month&#8221; sum=&#8221;14&#8243; button_url=&#8221;https:\/\/nostalgic-galois.213-171-208-85.plesk.page\/registration\/&#8221; _builder_version=&#8221;4.20.4&#8243; _module_preset=&#8221;default&#8221; custom_padding=&#8221;||||false|false&#8221; global_colors_info=&#8221;{}&#8221; sticky_transition=&#8221;on&#8221;]<\/p>\n<p>+ 200 000 Words\/month<br \/>+ All AI tools Included<\/p>\n<p>[\/et_pb_pricing_table][\/et_pb_pricing_tables][\/et_pb_column][\/et_pb_row][et_pb_row _builder_version=&#8221;4.20.4&#8243; _module_preset=&#8221;default&#8221; global_colors_info=&#8221;{}&#8221;][et_pb_column type=&#8221;4_4&#8243; _builder_version=&#8221;4.20.4&#8243; _module_preset=&#8221;default&#8221; global_colors_info=&#8221;{}&#8221;][et_pb_button button_url=&#8221;https:\/\/nostalgic-galois.213-171-208-85.plesk.page\/registration\/&#8221; button_text=&#8221;Start for Free&#8221; button_alignment=&#8221;center&#8221; _builder_version=&#8221;4.20.4&#8243; _module_preset=&#8221;22916893-6c93-4bc8-80c2-8ec58c01428a&#8221; global_colors_info=&#8221;{}&#8221;][\/et_pb_button][et_pb_text _builder_version=&#8221;4.20.4&#8243; _module_preset=&#8221;1f09816e-184e-4ce5-a4cf-b39c52c423ca&#8221; text_font=&#8221;Mukta|500|||||||&#8221; text_text_color=&#8221;#FFFFFF&#8221; text_font_size=&#8221;16px&#8221; text_line_height=&#8221;1.4em&#8221; text_orientation=&#8221;center&#8221; custom_margin=&#8221;||0px||false|false&#8221; custom_padding=&#8221;||0px||false|false&#8221; text_font_size_tablet=&#8221;14px&#8221; text_font_size_phone=&#8221;14px&#8221; text_font_size_last_edited=&#8221;on|desktop&#8221; header_font_size_tablet=&#8221;55px&#8221; header_font_size_last_edited=&#8221;off|desktop&#8221; global_colors_info=&#8221;{}&#8221;]Need more words or a custom plan ?<br \/>\n<span style=\"color: #12d678;\">Contact us on our live chat<\/span>, at the bottom right of your screen.[\/et_pb_text][\/et_pb_column][\/et_pb_row][\/et_pb_section][et_pb_section fb_built=&#8221;1&#8243; admin_label=&#8221;FAQ&#8221; _builder_version=&#8221;4.17.3&#8243; _module_preset=&#8221;default&#8221; background_color=&#8221;#131517&#8243; collapsed=&#8221;on&#8221; global_colors_info=&#8221;{}&#8221;][et_pb_row column_structure=&#8221;1_3,2_3&#8243; _builder_version=&#8221;4.17.0&#8243; _module_preset=&#8221;default&#8221; global_colors_info=&#8221;{}&#8221;][et_pb_column type=&#8221;1_3&#8243; _builder_version=&#8221;4.17.0&#8243; _module_preset=&#8221;default&#8221; global_colors_info=&#8221;{}&#8221;][et_pb_text _builder_version=&#8221;4.17.0&#8243; _module_preset=&#8221;e6504a1b-67eb-4b3d-b023-bcab277610b6&#8243; header_4_font=&#8221;Mukta|800||on|||||&#8221; header_4_text_color=&#8221;#12D678&#8243; header_4_font_size=&#8221;14px&#8221; header_4_letter_spacing=&#8221;0.15em&#8221; header_4_line_height=&#8221;1.5em&#8221; custom_margin=&#8221;||0px||false|false&#8221; global_colors_info=&#8221;{}&#8221;]<\/p>\n<h4>FAQ<\/h4>\n<p>[\/et_pb_text][et_pb_text _builder_version=&#8221;4.20.4&#8243; _module_preset=&#8221;b327cbe4-b1d5-4b66-ad37-40c8f2f061ba&#8221; header_2_font=&#8221;PT Sans|700|||||||&#8221; header_2_text_color=&#8221;#FFFFFF&#8221; header_2_font_size=&#8221;48px&#8221; header_2_line_height=&#8221;1.35em&#8221; custom_margin=&#8221;||0px||false|false&#8221; header_2_font_size_tablet=&#8221;30px&#8221; header_2_font_size_phone=&#8221;22px&#8221; header_2_font_size_last_edited=&#8221;on|phone&#8221; global_colors_info=&#8221;{}&#8221;]<\/p>\n<h2>Un mot de notre part<\/h2>\n<p>[\/et_pb_text][et_pb_text _builder_version=&#8221;4.20.4&#8243; _module_preset=&#8221;1f09816e-184e-4ce5-a4cf-b39c52c423ca&#8221; text_font=&#8221;Mukta|500|||||||&#8221; text_text_color=&#8221;#FFFFFF&#8221; text_font_size=&#8221;16px&#8221; text_line_height=&#8221;1.4em&#8221; custom_margin=&#8221;||0px||false|false&#8221; custom_padding=&#8221;||0px||false|false&#8221; text_font_size_tablet=&#8221;14px&#8221; text_font_size_phone=&#8221;14px&#8221; text_font_size_last_edited=&#8221;on|desktop&#8221; header_font_size_tablet=&#8221;55px&#8221; header_font_size_last_edited=&#8221;off|desktop&#8221; locked=&#8221;off&#8221; global_colors_info=&#8221;{}&#8221;]<\/p>\n<div class=\"flex-1 overflow-hidden\">\n<div class=\"react-scroll-to-bottom--css-ltnvo-79elbk h-full dark:bg-gray-800\">\n<div class=\"react-scroll-to-bottom--css-ltnvo-1n7m0yu\">\n<div class=\"flex flex-col items-center text-sm dark:bg-gray-800\">\n<div class=\"group w-full text-gray-800 dark:text-gray-100 border-b border-black\/10 dark:border-gray-900\/50 bg-gray-50 dark:bg-[#444654] sm:AIPRM__conversation__response\">\n<div class=\"text-base gap-4 md:gap-6 md:max-w-2xl lg:max-w-xl xl:max-w-3xl p-4 md:py-6 flex lg:px-0 m-auto\">\n<div class=\"relative flex w-[calc(100%-50px)] flex-col gap-1 md:gap-3 lg:w-[calc(100%-115px)]\">\n<div class=\"flex flex-grow flex-col gap-3\">\n<div class=\"min-h-[20px] flex flex-col items-start gap-4 whitespace-pre-wrap\">\n<div class=\"markdown prose w-full break-words dark:prose-invert light AIPRM__conversation__response\">\n<p><span>At UnderCover AI, we&#8217;re dedicated to providing you with the latest and most innovative AI tools available. As we&#8217;re still at the dawn of the AI age, technology is evolving fast &#8211; which means our pricing, features, and word limits may change in the future as we adapt to the best technology. <\/span><\/p>\n<p>Mais c'est une excellente nouvelle ! Cela signifie que vous aurez toujours acc\u00e8s aux outils les plus avanc\u00e9s. Soyez assur\u00e9 que nous resterons \u00e0 la pointe du d\u00e9veloppement de l'IA, et que vous b\u00e9n\u00e9ficierez des meilleurs outils d\u00e8s qu'ils seront disponibles.<\/p>\n<p>En attendant, profitez de nos tarifs actuels et de toutes les fonctionnalit\u00e9s que notre plateforme offre.<\/p>\n<\/div>\n<\/div>\n<\/div>\n<\/div>\n<\/div>\n<\/div>\n<\/div>\n<\/div>\n<\/div>\n<\/div>\n<p>[\/et_pb_text][\/et_pb_column][et_pb_column type=&#8221;2_3&#8243; _builder_version=&#8221;4.17.0&#8243; _module_preset=&#8221;default&#8221; custom_padding=&#8221;64px||||false|false&#8221; global_colors_info=&#8221;{}&#8221;][et_pb_text _builder_version=&#8221;4.20.4&#8243; _module_preset=&#8221;734ce202-9ae4-4a02-9eec-afe9633ff83a&#8221; header_3_font=&#8221;PT Sans|700|||||||&#8221; header_3_text_color=&#8221;#FFFFFF&#8221; header_3_font_size=&#8221;20px&#8221; custom_margin=&#8221;||0px||false|false&#8221; header_3_font_size_tablet=&#8221;16px&#8221; header_3_font_size_phone=&#8221;14px&#8221; header_3_font_size_last_edited=&#8221;on|phone&#8221; locked=&#8221;off&#8221; global_colors_info=&#8221;{}&#8221;]<\/p>\n<h3>+ <span>Quels types d'outils d'IA sont inclus ?<\/span><\/h3>\n<p>[\/et_pb_text][et_pb_text _builder_version=&#8221;4.20.4&#8243; _module_preset=&#8221;4c43b4b6-66bf-432d-959a-705bda24a650&#8243; text_font=&#8221;Mukta|500|||||||&#8221; text_text_color=&#8221;rgba(255,255,255,0.6)&#8221; text_line_height=&#8221;1.4em&#8221; custom_padding=&#8221;||30px||false|false&#8221; header_font_size_tablet=&#8221;55px&#8221; header_font_size_last_edited=&#8221;off|desktop&#8221; border_width_bottom=&#8221;1px&#8221; border_color_bottom=&#8221;#12D678&#8243; global_colors_info=&#8221;{}&#8221;]<\/p>\n<p><span>Nous proposons une large gamme d'outils d'IA con\u00e7us pour aider les entreprises d'e-commerce \u00e0 se d\u00e9velopper. Par exemple, nous proposons des outils pour la r\u00e9daction, la g\u00e9n\u00e9ration d'images, le chat, l'assistance marketing... et bien plus encore !<\/span><\/p>\n<p>[\/et_pb_text][et_pb_text _builder_version=&#8221;4.20.4&#8243; _module_preset=&#8221;734ce202-9ae4-4a02-9eec-afe9633ff83a&#8221; header_3_font=&#8221;PT Sans|700|||||||&#8221; header_3_text_color=&#8221;#FFFFFF&#8221; header_3_font_size=&#8221;20px&#8221; custom_margin=&#8221;||0px||false|false&#8221; header_3_font_size_tablet=&#8221;16px&#8221; header_3_font_size_phone=&#8221;14px&#8221; header_3_font_size_last_edited=&#8221;on|phone&#8221; locked=&#8221;off&#8221; global_colors_info=&#8221;{}&#8221;]<\/p>\n<h3>+ <span>Comment ces outils d'IA peuvent-ils aider mon entreprise d'e-commerce ?<\/span><\/h3>\n<p>[\/et_pb_text][et_pb_text _builder_version=&#8221;4.20.4&#8243; _module_preset=&#8221;4c43b4b6-66bf-432d-959a-705bda24a650&#8243; text_font=&#8221;Mukta|500|||||||&#8221; text_text_color=&#8221;rgba(255,255,255,0.6)&#8221; text_line_height=&#8221;1.4em&#8221; custom_padding=&#8221;||30px||false|false&#8221; header_font_size_tablet=&#8221;55px&#8221; header_font_size_last_edited=&#8221;off|desktop&#8221; border_width_bottom=&#8221;1px&#8221; border_color_bottom=&#8221;#12D678&#8243; locked=&#8221;off&#8221; global_colors_info=&#8221;{}&#8221;]<\/p>\n<p><span>Nos outils d'IA peuvent vous aider \u00e0 gagner du temps et de l'argent en automatisant des t\u00e2ches telles que la r\u00e9daction et la g\u00e9n\u00e9ration d'images. Vous pourrez donc faire plus, plus rapidement et \u00e0 un prix (beaucoup) moins \u00e9lev\u00e9.<\/span><\/p>\n<p>[\/et_pb_text][et_pb_text _builder_version=&#8221;4.20.4&#8243; _module_preset=&#8221;734ce202-9ae4-4a02-9eec-afe9633ff83a&#8221; header_3_font=&#8221;PT Sans|700|||||||&#8221; header_3_text_color=&#8221;#FFFFFF&#8221; header_3_font_size=&#8221;20px&#8221; custom_margin=&#8221;||0px||false|false&#8221; header_3_font_size_tablet=&#8221;16px&#8221; header_3_font_size_phone=&#8221;14px&#8221; header_3_font_size_last_edited=&#8221;on|phone&#8221; locked=&#8221;off&#8221; global_colors_info=&#8221;{}&#8221;]<\/p>\n<h3>+ <span>Can I try your UnderCover AI before I buy them?<\/span><\/h3>\n<p>[\/et_pb_text][et_pb_text _builder_version=&#8221;4.20.4&#8243; _module_preset=&#8221;4c43b4b6-66bf-432d-959a-705bda24a650&#8243; text_font=&#8221;Mukta|500|||||||&#8221; text_text_color=&#8221;rgba(255,255,255,0.6)&#8221; text_line_height=&#8221;1.4em&#8221; custom_padding=&#8221;||30px||false|false&#8221; header_font_size_tablet=&#8221;55px&#8221; header_font_size_last_edited=&#8221;off|desktop&#8221; border_width_bottom=&#8221;1px&#8221; border_color_bottom=&#8221;#12D678&#8243; locked=&#8221;off&#8221; global_colors_info=&#8221;{}&#8221;]<\/p>\n<p><span>Oui, nous proposons un essai gratuit afin que vous puissiez essayer gratuitement. Nous voulons que vous soyez confiant dans votre d\u00e9cision et que vous sachiez que nos outils conviennent \u00e0 votre entreprise d'e-commerce.<\/span><\/p>\n<p>[\/et_pb_text][et_pb_text _builder_version=&#8221;4.20.4&#8243; _module_preset=&#8221;734ce202-9ae4-4a02-9eec-afe9633ff83a&#8221; header_3_font=&#8221;PT Sans|700|||||||&#8221; header_3_text_color=&#8221;#FFFFFF&#8221; header_3_font_size=&#8221;20px&#8221; custom_margin=&#8221;||0px||false|false&#8221; header_3_font_size_tablet=&#8221;16px&#8221; header_3_font_size_phone=&#8221;14px&#8221; header_3_font_size_last_edited=&#8221;on|phone&#8221; locked=&#8221;off&#8221; global_colors_info=&#8221;{}&#8221;]<\/p>\n<h3>+ <span>Que se passe-t-il si j'ai des questions ou si j'ai besoin d'aide ?<\/span><\/h3>\n<p>[\/et_pb_text][et_pb_text _builder_version=&#8221;4.20.4&#8243; _module_preset=&#8221;4c43b4b6-66bf-432d-959a-705bda24a650&#8243; text_font=&#8221;Mukta|500|||||||&#8221; text_text_color=&#8221;rgba(255,255,255,0.6)&#8221; text_line_height=&#8221;1.4em&#8221; custom_padding=&#8221;||30px||false|false&#8221; header_font_size_tablet=&#8221;55px&#8221; header_font_size_last_edited=&#8221;off|desktop&#8221; border_width_bottom=&#8221;1px&#8221; border_color_bottom=&#8221;#12D678&#8243; locked=&#8221;off&#8221; global_colors_info=&#8221;{}&#8221;]<\/p>\n<p><span>We offer customer support to help you with any questions or issues that you may encounter. Our team is available via email or chat to assist you in getting the most out of our UnderCover AI.<\/span><\/p>\n<p>[\/et_pb_text][et_pb_text _builder_version=&#8221;4.20.4&#8243; _module_preset=&#8221;734ce202-9ae4-4a02-9eec-afe9633ff83a&#8221; header_3_font=&#8221;PT Sans|700|||||||&#8221; header_3_text_color=&#8221;#FFFFFF&#8221; header_3_font_size=&#8221;20px&#8221; custom_margin=&#8221;||0px||false|false&#8221; header_3_font_size_tablet=&#8221;16px&#8221; header_3_font_size_phone=&#8221;14px&#8221; header_3_font_size_last_edited=&#8221;on|phone&#8221; locked=&#8221;off&#8221; global_colors_info=&#8221;{}&#8221;]<\/p>\n<h3>+ <span>Ai-je besoin d'une expertise technique pour utiliser vos outils d'IA ?<\/span><\/h3>\n<p>[\/et_pb_text][et_pb_text _builder_version=&#8221;4.20.4&#8243; _module_preset=&#8221;4c43b4b6-66bf-432d-959a-705bda24a650&#8243; text_font=&#8221;Mukta|500|||||||&#8221; text_text_color=&#8221;rgba(255,255,255,0.6)&#8221; text_line_height=&#8221;1.4em&#8221; custom_padding=&#8221;||30px||false|false&#8221; header_font_size_tablet=&#8221;55px&#8221; header_font_size_last_edited=&#8221;off|desktop&#8221; border_width_bottom=&#8221;1px&#8221; border_color_bottom=&#8221;#12D678&#8243; locked=&#8221;off&#8221; global_colors_info=&#8221;{}&#8221;]<\/p>\n<p><span>Non, nos outils d'IA sont con\u00e7us pour \u00eatre conviviaux et accessibles \u00e0 tous, ind\u00e9pendamment de leur expertise technique. Nous nous effor\u00e7ons de rendre nos outils faciles \u00e0 utiliser et \u00e0 comprendre afin que vous puissiez vous concentrer sur le d\u00e9veloppement de votre entreprise.<\/span><\/p>\n<p>[\/et_pb_text][et_pb_text _builder_version=&#8221;4.20.4&#8243; _module_preset=&#8221;734ce202-9ae4-4a02-9eec-afe9633ff83a&#8221; header_3_font=&#8221;PT Sans|700|||||||&#8221; header_3_text_color=&#8221;#FFFFFF&#8221; header_3_font_size=&#8221;20px&#8221; custom_margin=&#8221;||0px||false|false&#8221; header_3_font_size_tablet=&#8221;16px&#8221; header_3_font_size_phone=&#8221;14px&#8221; header_3_font_size_last_edited=&#8221;on|phone&#8221; locked=&#8221;off&#8221; global_colors_info=&#8221;{}&#8221;]<\/p>\n<h3>+ <span>Puis-je annuler mon abonnement \u00e0 tout moment ?<\/span><\/h3>\n<p>[\/et_pb_text][et_pb_text _builder_version=&#8221;4.20.4&#8243; _module_preset=&#8221;4c43b4b6-66bf-432d-959a-705bda24a650&#8243; text_font=&#8221;Mukta|500|||||||&#8221; text_text_color=&#8221;rgba(255,255,255,0.6)&#8221; text_line_height=&#8221;1.4em&#8221; custom_padding=&#8221;||30px||false|false&#8221; hover_enabled=&#8221;0&#8243; header_font_size_tablet=&#8221;55px&#8221; header_font_size_last_edited=&#8221;off|desktop&#8221; border_width_bottom=&#8221;1px&#8221; border_color_bottom=&#8221;#12D678&#8243; locked=&#8221;off&#8221; global_colors_info=&#8221;{}&#8221; sticky_enabled=&#8221;0&#8243;]<\/p>\n<p><span>Yes, you can cancel your subscription at any time, and there are no hidden fees or charges. We want you to feel confident in your decision to use UnderCover AI, and we&#8217;re committed to providing a transparent and flexible service.<\/span><\/p>\n<p>[\/et_pb_text][\/et_pb_column][\/et_pb_row][\/et_pb_section]<\/p>","protected":false},"excerpt":{"rendered":"<p>Pricing PlansChoose the Right Plan for You+ 10 000 Words\/month+ All AI tools Included+ 100 000 Words\/month +\u00a0All AI tools Included+ 200 000 Words\/month+ All AI tools IncludedNeed more words or a custom plan ? Contact us on our live chat, at the bottom right of your screen.FAQA note from us At UnderCover AI, we&#8217;re [&hellip;]<\/p>","protected":false},"author":1,"featured_media":0,"parent":0,"menu_order":0,"comment_status":"closed","ping_status":"closed","template":"","meta":{"_et_pb_use_builder":"on","_et_pb_old_content":"","_et_gb_content_width":"","footnotes":""},"class_list":["post-167","page","type-page","status-publish","hentry"],"_links":{"self":[{"href":"https:\/\/nostalgic-galois.213-171-208-85.plesk.page\/fr\/wp-json\/wp\/v2\/pages\/167","targetHints":{"allow":["GET"]}}],"collection":[{"href":"https:\/\/nostalgic-galois.213-171-208-85.plesk.page\/fr\/wp-json\/wp\/v2\/pages"}],"about":[{"href":"https:\/\/nostalgic-galois.213-171-208-85.plesk.page\/fr\/wp-json\/wp\/v2\/types\/page"}],"author":[{"embeddable":true,"href":"https:\/\/nostalgic-galois.213-171-208-85.plesk.page\/fr\/wp-json\/wp\/v2\/users\/1"}],"replies":[{"embeddable":true,"href":"https:\/\/nostalgic-galois.213-171-208-85.plesk.page\/fr\/wp-json\/wp\/v2\/comments?post=167"}],"version-history":[{"count":20,"href":"https:\/\/nostalgic-galois.213-171-208-85.plesk.page\/fr\/wp-json\/wp\/v2\/pages\/167\/revisions"}],"predecessor-version":[{"id":1176,"href":"https:\/\/nostalgic-galois.213-171-208-85.plesk.page\/fr\/wp-json\/wp\/v2\/pages\/167\/revisions\/1176"}],"wp:attachment":[{"href":"https:\/\/nostalgic-galois.213-171-208-85.plesk.page\/fr\/wp-json\/wp\/v2\/media?parent=167"}],"curies":[{"name":"wp","href":"https:\/\/api.w.org\/{rel}","templated":true}]}}